{"id":26,"date":"2016-02-12T08:13:33","date_gmt":"2016-02-12T08:13:33","guid":{"rendered":"http:\/\/demos.famethemes.com\/onepress\/?page_id=26"},"modified":"2017-09-11T11:38:26","modified_gmt":"2017-09-11T09:38:26","slug":"domanda-offerta","status":"publish","type":"page","link":"https:\/\/www.antennasviluppoaltamarca.it\/en\/domanda-offerta\/","title":{"rendered":"Domanda Offerta di Prodotti e Servizi"},"content":{"rendered":"<p><img decoding=\"async\" loading=\"lazy\" class=\"size-medium wp-image-1798\" src=\"http:\/\/www.antennasviluppoaltamarca.it\/wp-content\/uploads\/2017\/09\/Ricerca-Partner-300x191.png\" alt=\"\" width=\"300\" height=\"191\" srcset=\"https:\/\/www.antennasviluppoaltamarca.it\/wp-content\/uploads\/2017\/09\/Ricerca-Partner-300x191.png 300w, https:\/\/www.antennasviluppoaltamarca.it\/wp-content\/uploads\/2017\/09\/Ricerca-Partner.png 622w\" sizes=\"(max-width: 300px) 100vw, 300px\" \/><\/p>\n<p>Le Amministrazioni Pubbliche e gli Enti di diritto pubblico dell&#8217;Unione Europea pubblicano costantemente bandi di gara (tender) per la realizzazione di opere e la fornitura di servizi per oltre 1500 miliardi di euro\/anno in tutto il mondo.<\/p>\n<p>Oltre alle 600 gare di appalto provenienti ogni giorno dai Paesi Europei ci sono anche quelle provenienti dalla Banca Europea degli Investimenti (BEI), dalla Banca Europea di Ricostruzione (Bers) e dall&#8217;Organizzazione Mondiale del Commercio (OMC). Anche i Paesi Terzi (extra UE) finanziati dagli organismi internazionali costituiscono una ulteriore ed importante opportunit\u00e0 per le entit\u00e0 (pubbliche e private) europee. Il pi\u00f9 grande mercato del mondo, pari a oltre 16,3% del PIL della Comunit\u00e0 Europea, si pu\u00f2 paragonare all&#8217;insieme del valore dell&#8217;economia Italiana, Danese e Belga.<\/p>\n<p><strong>Perch\u00e8 partecipare<\/strong><\/p>\n<p>Partecipare alla gare di appalto europee offre un mercato di vendita i cui costi di penetrazione sono decisamente inferiori a quelli derivanti da azioni di distribuzione e promozione diretta.<\/p>\n<p>Consente inoltre di operare in un contesto tutelato dalla normativa sulla concorrenza e dalla trasparenza delle condizioni generali.<\/p>\n<div role=\"form\" class=\"wpcf7\" id=\"wpcf7-f1731-o1\" lang=\"it-IT\" dir=\"ltr\">\n<div class=\"screen-reader-response\"><\/div>\n<form action=\"\/en\/wp-json\/wp\/v2\/pages\/26#wpcf7-f1731-o1\" method=\"post\" class=\"wpcf7-form\" novalidate=\"novalidate\">\n<div style=\"display: none;\">\n<input type=\"hidden\" name=\"_wpcf7\" value=\"1731\" \/>\n<input type=\"hidden\" name=\"_wpcf7_version\" value=\"4.9.1\" \/>\n<input type=\"hidden\" name=\"_wpcf7_locale\" value=\"it_IT\" \/>\n<input type=\"hidden\" name=\"_wpcf7_unit_tag\" value=\"wpcf7-f1731-o1\" \/>\n<input type=\"hidden\" name=\"_wpcf7_container_post\" value=\"0\" \/>\n<\/div>\n<p><center><\/p>\n<table style='width:60%'>\n<tr>\n<td>Nome<\/td>\n<td><span class=\"wpcf7-form-control-wrap nome\"><input type=\"text\" name=\"nome\" value=\"\" size=\"40\" class=\"wpcf7-form-control wpcf7-text wpcf7-validates-as-required\" aria-required=\"true\" aria-invalid=\"false\" \/><\/span><\/td>\n<\/tr>\n<tr>\n<td>Cognome<\/td>\n<td><span class=\"wpcf7-form-control-wrap cognome\"><input type=\"text\" name=\"cognome\" value=\"\" size=\"40\" class=\"wpcf7-form-control wpcf7-text wpcf7-validates-as-required\" aria-required=\"true\" aria-invalid=\"false\" \/><\/span><\/td>\n<\/tr>\n<tr>\n<td>Email<\/td>\n<td><span class=\"wpcf7-form-control-wrap email\"><input type=\"text\" name=\"email\" value=\"\" size=\"40\" class=\"wpcf7-form-control wpcf7-text wpcf7-validates-as-required\" aria-required=\"true\" aria-invalid=\"false\" \/><\/span><\/td>\n<\/tr>\n<tr>\n<td>Recapito Telefonico<\/td>\n<td><span class=\"wpcf7-form-control-wrap recapito-telefonico\"><input type=\"text\" name=\"recapito-telefonico\" value=\"\" size=\"40\" class=\"wpcf7-form-control wpcf7-text wpcf7-validates-as-required\" aria-required=\"true\" aria-invalid=\"false\" \/><\/span><\/td>\n<\/tr>\n<tr>\n<td>Settore d'Impresa<\/td>\n<td><\/td>\n<\/tr>\n<tr>\n<td>Ragione Sociale Impresa<\/td>\n<td><span class=\"wpcf7-form-control-wrap Ragione\"><input type=\"text\" name=\"Ragione\" value=\"\" size=\"40\" class=\"wpcf7-form-control wpcf7-text wpcf7-validates-as-required\" aria-required=\"true\" aria-invalid=\"false\" \/><\/span><\/td>\n<\/tr>\n<tr>\n<td>Mercato di interesse<\/td>\n<td><span class=\"wpcf7-form-control-wrap Mercato\"><input type=\"text\" name=\"Mercato\" value=\"\" size=\"40\" class=\"wpcf7-form-control wpcf7-text wpcf7-validates-as-required\" aria-required=\"true\" aria-invalid=\"false\" \/><\/span><\/td>\n<\/tr>\n<tr>\n<td>Prodotto\/Servizio offerto o ricercato<\/td>\n<td><span class=\"wpcf7-form-control-wrap Descrizioneprodottoservizio\"><textarea name=\"Descrizioneprodottoservizio\" cols=\"40\" rows=\"10\" class=\"wpcf7-form-control wpcf7-textarea\" aria-invalid=\"false\"><\/textarea><\/span><\/td>\n<\/tr>\n<tr>\n<td><span class=\"wpcf7-form-control-wrap acceptance-791\"><input type=\"checkbox\" name=\"acceptance-791\" value=\"1\" class=\"wpcf7-form-control wpcf7-acceptance\" aria-invalid=\"false\" \/><\/span> Dichiaro di aver preso visione della normativa sul trattamento dei dati personali <\/td>\n<td>\n<div class=\"wpcf7-form-control-wrap\"><div data-sitekey=\"6Ld2eC8UAAAAAE97ZWC7qr2ylkTIffmauBhj6pQt\" class=\"wpcf7-form-control g-recaptcha wpcf7-recaptcha\"><\/div>\n<noscript>\n\t<div style=\"width: 302px; height: 422px;\">\n\t\t<div style=\"width: 302px; height: 422px; position: relative;\">\n\t\t\t<div style=\"width: 302px; height: 422px; position: absolute;\">\n\t\t\t\t<iframe src=\"https:\/\/www.google.com\/recaptcha\/api\/fallback?k=6Ld2eC8UAAAAAE97ZWC7qr2ylkTIffmauBhj6pQt\" frameborder=\"0\" scrolling=\"no\" style=\"width: 302px; height:422px; border-style: none;\">\n\t\t\t\t<\/iframe>\n\t\t\t<\/div>\n\t\t\t<div style=\"width: 300px; height: 60px; border-style: none; bottom: 12px; left: 25px; margin: 0px; padding: 0px; right: 25px; background: #f9f9f9; border: 1px solid #c1c1c1; border-radius: 3px;\">\n\t\t\t\t<textarea id=\"g-recaptcha-response\" name=\"g-recaptcha-response\" class=\"g-recaptcha-response\" style=\"width: 250px; height: 40px; border: 1px solid #c1c1c1; margin: 10px 25px; padding: 0px; resize: none;\">\n\t\t\t\t<\/textarea>\n\t\t\t<\/div>\n\t\t<\/div>\n\t<\/div>\n<\/noscript>\n<\/div>\n<\/td>\n<\/table>\n<p><input type=\"submit\" value=\"Invia\" class=\"wpcf7-form-control wpcf7-submit\" \/><\/p>\n<p><\/center><\/p>\n<div class=\"wpcf7-response-output wpcf7-display-none\"><\/div><\/form><\/div>\n","protected":false},"excerpt":{"rendered":"<p>Ti aggiorniamo sui bandi di gara che vengono continuamente pubblicati dall&#8217;Unione Europea per la realizzazione di opere e la fornitura di servizi. Scopri quello che fa per te<\/p>\n","protected":false},"author":1,"featured_media":0,"parent":0,"menu_order":0,"comment_status":"closed","ping_status":"closed","template":"","meta":[],"_links":{"self":[{"href":"https:\/\/www.antennasviluppoaltamarca.it\/en\/wp-json\/wp\/v2\/pages\/26"}],"collection":[{"href":"https:\/\/www.antennasviluppoaltamarca.it\/en\/wp-json\/wp\/v2\/pages"}],"about":[{"href":"https:\/\/www.antennasviluppoaltamarca.it\/en\/wp-json\/wp\/v2\/types\/page"}],"author":[{"embeddable":true,"href":"https:\/\/www.antennasviluppoaltamarca.it\/en\/wp-json\/wp\/v2\/users\/1"}],"replies":[{"embeddable":true,"href":"https:\/\/www.antennasviluppoaltamarca.it\/en\/wp-json\/wp\/v2\/comments?post=26"}],"version-history":[{"count":15,"href":"https:\/\/www.antennasviluppoaltamarca.it\/en\/wp-json\/wp\/v2\/pages\/26\/revisions"}],"predecessor-version":[{"id":1444,"href":"https:\/\/www.antennasviluppoaltamarca.it\/en\/wp-json\/wp\/v2\/pages\/26\/revisions\/1444"}],"wp:attachment":[{"href":"https:\/\/www.antennasviluppoaltamarca.it\/en\/wp-json\/wp\/v2\/media?parent=26"}],"curies":[{"name":"wp","href":"https:\/\/api.w.org\/{rel}","templated":true}]}}